{"id":337,"date":"2019-02-08T12:12:26","date_gmt":"2019-02-08T12:12:26","guid":{"rendered":"http:\/\/www.docexplore.eu\/?page_id=337"},"modified":"2024-07-30T14:24:41","modified_gmt":"2024-07-30T14:24:41","slug":"telechargement","status":"publish","type":"page","link":"https:\/\/www.docexplore.eu\/?page_id=337","title":{"rendered":"<!--:en-->Download<!--:--><!--:fr-->T\u00e9l\u00e9chargement<!--:-->"},"content":{"rendered":"<p><!--:en--><\/p>\n<p style=\"margin-bottom: 4em;\">The latest major update to the platform has brought DocExplore from version 2 to 3. This new version has seen many changes but is mostly compatible with the previous one (in particular, you can keep your home directory). However, there may be small glitches or differences when working with media files in older projects and there is always a risk of seeing parts of the software behave differently on specific hardware. Therefore, it is still possible to <a href=\"\/?page_id=11&amp;lang=en\">download the older version<\/a>. Furthermore, you can safely install DocExplore version 3 next to version 2 and test it first. Version 3 contains the necessary tools to remove itself or version 2 depending on whether you choose to switch or not. You can also just keep both versions side by side.<\/p>\n<div style=\"margin-bottom: 4em;\"><img decoding=\"async\" style=\"vertical-align: middle;\" src=\"wp-content\/uploads\/2014\/02\/winLogo.png\"><strong>DocExplore for Windows<\/strong>&nbsp;<p><\/p>\n<p>&nbsp;<\/p>\n<ul>\n<li><b>Installer<\/b>\n<ul>\n<li style=\"list-style-type: none;\">\n<ul>\n<li><b>32-bit: <\/b><a href=\"dl.php?file=docexplore-win32.exe\">DocExplore 3.0.53<\/a>\n<div style=\"font-family: monospace;\"><small>245M&nbsp;&nbsp;&nbsp;MD5: da8f9f74cc927f1e9f0c2597af20cedc<\/small><\/div>\n<\/li>\n<li><b>64-bit: <\/b><a href=\"dl.php?file=docexplore-win64.exe\">DocExplore 3.0.53<\/a>\n<div style=\"font-family: monospace;\"><small>256M&nbsp;&nbsp;&nbsp;MD5: a6aea95f67653afb6f438faa5dc6d391<\/small><\/div>\n<\/li>\n<\/ul>\n<\/li>\n<\/ul>\n<\/li>\n<\/ul>\n<p><small><i><a href=\"http:\/\/windows.microsoft.com\/en-us\/windows\/32-bit-and-64-bit-windows#1TC=windows-7\">Is my Windows 32 or 64 bit?<\/a><br><b>Note:<\/b> you can install the 32-bit version on a 64-bit Windows, but not the other way around<\/i><\/small><\/p>\n<\/div>\n<div>&nbsp;<\/div>\n<div>&nbsp;<\/div>\n<div style=\"margin-bottom: 4em;\"><img decoding=\"async\" style=\"vertical-align: middle;\" src=\"wp-content\/uploads\/2019\/02\/macLogo.png\"><strong>DocExplore for macOS 64 bit<\/strong>&nbsp;<p><\/p>\n<p>&nbsp;<\/p>\n<ul>\n<li><b>Disk image (DMG)<\/b>\n<ul>\n<li style=\"list-style-type: none;\">\n<ul>\n<li><a href=\"dl.php?file=docexplore-osx.zip\">DocExplore 3.0.53<\/a><\/li>\n<li>\n<div style=\"font-family: monospace;\"><small>249M&nbsp;&nbsp;&nbsp;MD5: 9bb02b8fc36e31aff22a388815290f69<\/small><\/div>\n<\/li>\n<\/ul>\n<\/li>\n<\/ul>\n<\/li>\n<\/ul>\n<\/div>\n<div>&nbsp;<\/div>\n<div>&nbsp;<\/div>\n<div style=\"margin-bottom: 4em;\"><img decoding=\"async\" style=\"vertical-align: middle;\" src=\"wp-content\/uploads\/2014\/06\/linux.png\"><strong>DocExplore for Linux 64 bit<\/strong>&nbsp;<p><\/p>\n<p>&nbsp;<\/p>\n<ul>\n<li><b>Installer<\/b>\n<ul>\n<li style=\"list-style-type: none;\">\n<ul>\n<li><a href=\"dl.php?file=docexplore-linux64.sh\">DocExplore 3.0.53<\/a>\n<div style=\"font-family: monospace;\"><small>261M&nbsp;&nbsp;&nbsp;MD5: ae8e3181a1a997233826c5ca27ceb9c0<\/small><\/div>\n<p><small><i><b>Note:<\/b> you must give execution rights to the file before installing (under Ubuntu, you can right click on the file and choose &#8220;Properties&#8221;)<\/i><\/small><\/p>\n<\/li>\n<\/ul>\n<\/li>\n<\/ul>\n<\/li>\n<\/ul>\n<\/div>\n<div>&nbsp;<\/div>\n<div>&nbsp;<\/div>\n<p><!--:--><!--:fr--><\/p>\n<p style=\"margin-bottom: 4em;\">La derni\u00e8re mise \u00e0 jour de la plateforme a men\u00e9 DocExplore de la version 2 \u00e0 la version 3. Cette nouvelle version am\u00e8ne de nombreux changements mais reste globalement compatible avec la version ant\u00e9rieure (en particulier, vous pouvez conserver votre espace de travail). Cependant il peut y a voir des probl\u00e8mes mineurs ou de petites diff\u00e9rences quand vous travaillez avec des fichiers multim\u00e9dias venant d&#8217;anciens projets et le risque existe toujours de voir le logiciel se comporter diff\u00e9remment sur du mat\u00e9riel sp\u00e9cifique. Pour ces raisons, il reste possible de <a href=\"\/?page_id=11&amp;lang=fr\">t\u00e9l\u00e9charger la version ant\u00e9rieure<\/a>. De plus, il est possible d&#8217;installer DocExplore version 3 aux c\u00f4t\u00e9s de la version 2 et de l&#8217;essayer d&#8217;abord. La version 3 contient les outils n\u00e9cessaires pour s&#8217;enlever ou enlever la version 2 en fonction de votre choix de faire le changement ou non. Vous pouvez aussi conserver les deux versions simultan\u00e9ment.<\/p>\n<div style=\"margin-bottom: 4em;\"><img decoding=\"async\" style=\"vertical-align: middle;\" src=\"wp-content\/uploads\/2014\/02\/winLogo.png\"><strong>DocExplore pour Windows<\/strong>&nbsp;<p><\/p>\n<p>&nbsp;<\/p>\n<ul>\n<li style=\"list-style-type: none;\">\n<ul>\n<li><b>Installeur<\/b>\n<ul>\n<li><b>32-bit: <\/b><a href=\"dl.php?file=docexplore-win32.exe\">DocExplore 3.0.53<\/a>\n<div style=\"font-family: monospace;\"><small>245M&nbsp;&nbsp;&nbsp;MD5: da8f9f74cc927f1e9f0c2597af20cedc<\/small><\/div>\n<\/li>\n<li><b>64-bit: <\/b><a href=\"dl.php?file=docexplore-win64.exe\">DocExplore 3.0.53<\/a>\n<div style=\"font-family: monospace;\"><small>256M&nbsp;&nbsp;&nbsp;MD5: a6aea95f67653afb6f438faa5dc6d391<\/small><\/div>\n<\/li>\n<\/ul>\n<\/li>\n<\/ul>\n<\/li>\n<\/ul>\n<p><small><i><a href=\"http:\/\/windows.microsoft.com\/en-us\/windows\/32-bit-and-64-bit-windows#1TC=windows-7\">Mon Windows est-il 32 ou 64 bit?<\/a><br><b>Note:<\/b> vous pouvez installer la version 32-bit sur un Windows 64-bit, mais pas l&#8217;inverse<\/i><\/small><\/p>\n<\/div>\n<div>&nbsp;<\/div>\n<div>&nbsp;<\/div>\n<div style=\"margin-bottom: 4em;\"><img decoding=\"async\" style=\"vertical-align: middle;\" src=\"wp-content\/uploads\/2019\/02\/macLogo.png\"><strong>DocExplore pour macOS 64 bit<\/strong>&nbsp;<p><\/p>\n<p>&nbsp;<\/p>\n<ul>\n<li style=\"list-style-type: none;\">\n<ul>\n<li><b>Image disque (DMG)<\/b>\n<ul>\n<li><a href=\"dl.php?file=docexplore-osx.zip\">DocExplore 3.0.53<\/a>\n<div style=\"font-family: monospace;\"><small>249M&nbsp;&nbsp;&nbsp;MD5: 9bb02b8fc36e31aff22a388815290f69<\/small><\/div>\n<\/li>\n<\/ul>\n<\/li>\n<\/ul>\n<\/li>\n<\/ul>\n<\/div>\n<div>&nbsp;<\/div>\n<div>&nbsp;<\/div>\n<div style=\"margin-bottom: 4em;\"><img decoding=\"async\" style=\"vertical-align: middle;\" src=\"wp-content\/uploads\/2014\/06\/linux.png\"><strong>DocExplore pour Linux 64 bit<\/strong>&nbsp;<p><\/p>\n<p>&nbsp;<\/p>\n<ul>\n<li><b>Installeur<\/b>\n<ul>\n<li><a href=\"dl.php?file=docexplore-linux64.sh\">DocExplore 3.0.53<\/a>\n<div style=\"font-family: monospace;\"><small>261M&nbsp;&nbsp;&nbsp;MD5: ae8e3181a1a997233826c5ca27ceb9c0<\/small><\/div>\n<p><small><i><b>Note:<\/b> vous devez donner le droit d&#8217;ex\u00e9cution au fichier avant de pouvoir le lancer (sous Ubuntu, vous pouvez faire un clic droit sur le fichier et choisir &#8220;Propri\u00e9t\u00e9s&#8221;)<\/i><\/small><\/p>\n<\/li>\n<\/ul>\n<\/li>\n<\/ul>\n<\/div>\n<div>&nbsp;<\/div>\n<div>&nbsp;<\/div>\n<p><!--:--><\/p>\n<p><!--\nThe following shortcodes are necessary for this page to work (theme funtions PHP):\nfunction de_sc_latest_de_version() \n{ \n\treturn trim(file_get_contents('bin\/latest'));\n} \nadd_shortcode('latest_de_version', 'de_sc_latest_de_version');\n\nfunction de_sc_file_size($args) \n{ \n\treturn round(filesize('bin\/v'.de_sc_latest_de_version().'\/'.$args['file'])\/(1024*1024));\n} \nadd_shortcode('file_size', 'de_sc_file_size');\n\nfunction de_sc_file_md5($args) \n{ \n\t$s = trim(file_get_contents('bin\/v'.de_sc_latest_de_version().'\/'.$args['file'].'.md5'));\n\treturn strtok($s, ' ');\n} \nadd_shortcode('file_md5', 'de_sc_file_md5');\n--><\/p>\n\n\n<p><\/p>\n","protected":false},"excerpt":{"rendered":"<p>The latest major update to the platform has brought DocExplore from version 2 to 3. This new version has seen many changes but is mostly compatible with the previous one (in particular, you can keep your home directory). However, there &hellip; <a href=\"https:\/\/www.docexplore.eu\/?page_id=337\">Continue reading <span class=\"meta-nav\">&rarr;<\/span><\/a><\/p>\n","protected":false},"author":1,"featured_media":0,"parent":0,"menu_order":0,"comment_status":"closed","ping_status":"closed","template":"","meta":{"footnotes":""},"class_list":["post-337","page","type-page","status-publish","hentry"],"_links":{"self":[{"href":"https:\/\/www.docexplore.eu\/index.php?rest_route=\/wp\/v2\/pages\/337","targetHints":{"allow":["GET"]}}],"collection":[{"href":"https:\/\/www.docexplore.eu\/index.php?rest_route=\/wp\/v2\/pages"}],"about":[{"href":"https:\/\/www.docexplore.eu\/index.php?rest_route=\/wp\/v2\/types\/page"}],"author":[{"embeddable":true,"href":"https:\/\/www.docexplore.eu\/index.php?rest_route=\/wp\/v2\/users\/1"}],"replies":[{"embeddable":true,"href":"https:\/\/www.docexplore.eu\/index.php?rest_route=%2Fwp%2Fv2%2Fcomments&post=337"}],"version-history":[{"count":44,"href":"https:\/\/www.docexplore.eu\/index.php?rest_route=\/wp\/v2\/pages\/337\/revisions"}],"predecessor-version":[{"id":443,"href":"https:\/\/www.docexplore.eu\/index.php?rest_route=\/wp\/v2\/pages\/337\/revisions\/443"}],"wp:attachment":[{"href":"https:\/\/www.docexplore.eu\/index.php?rest_route=%2Fwp%2Fv2%2Fmedia&parent=337"}],"curies":[{"name":"wp","href":"https:\/\/api.w.org\/{rel}","templated":true}]}}