{"id":20,"date":"2014-02-05T12:56:50","date_gmt":"2014-02-05T12:56:50","guid":{"rendered":"http:\/\/www.docexplore.eu\/?page_id=20"},"modified":"2020-01-14T12:43:08","modified_gmt":"2020-01-14T12:43:08","slug":"home","status":"publish","type":"page","link":"https:\/\/www.docexplore.eu\/","title":{"rendered":"<!--:en-->Home<!--:--><!--:fr-->Accueil<!--:-->"},"content":{"rendered":"<p><!--:en--><\/p>\n<div class=\"de-section\"><strong>DocExplore in action<\/strong><center><br \/>\n<iframe loading=\"lazy\" src=\"\/\/player.vimeo.com\/video\/62353489\" width=\"500\" height=\"281\" frameborder=\"0\" allowfullscreen=\"allowfullscreen\"><\/iframe><\/center>DocExplore can generate presentations that you can easily put on the web, <a href=\"http:\/\/www.docexplore.eu\/readerv3\/\">like this one<\/a> (modern browser required).<\/p>\n<\/div>\n<div class=\"de-section\">\n<p><strong>What is DocExplore?<\/strong><\/p>\n<p>DocExplore is a free, open-source, cross-platform software suite enabling anyone to create rich interactive digital books.<\/p>\n<p>Using it is easy:<\/p>\n<ol>\n<li>Import the pages of your book<\/li>\n<li>Add text, pictures, sound and video to areas of a page<\/li>\n<li>Export to the desktop or to the web<\/li>\n<\/ol>\n<p>That&#8217;s it!<\/p>\n<\/div>\n<div class=\"de-section\"><strong>Getting started<\/strong><\/div>\n<div class=\"de-section\"><a href=\"?page_id=337\">Download the latest version of DocExplore<\/a> and install it on your computer.<br \/>\nCheck out our <a href=\"?page_id=14\">tutorial videos<\/a> and you&#8217;ll be up and running in no time.<\/div>\n<div class=\"de-section\"><strong>A bit of history<\/strong><\/div>\n<div class=\"de-section\">DocExplore is the result of an academic project of the same name, initiated by computer science laboratories <a href=\"http:\/\/www.litislab.eu\/\">LITIS<\/a> (University of Rouen, France) and <a href=\"http:\/\/www.eda.kent.ac.uk\/\">EDA<\/a> (University of Kent, U.K.) in 2009, funded by the <a href=\"http:\/\/www.interreg4a-manche.eu\/\">Interreg IVa program<\/a>. To help define and test our software, the project involved historians and archivists, in particular: the <a href=\"http:\/\/grhis.univ-rouen.fr\/grhis\/\">GRHIS<\/a> (University of Rouen), the <a href=\"http:\/\/rnbi.rouen.fr\">Rouen Public Libraries<\/a>, <a href=\"http:\/\/www.kent.ac.uk\/mems\/\">CMEMS<\/a> (University of Kent) and the Archives of the <a href=\"http:\/\/www.canterbury-cathedral.org\/\">Canterbury Cathedral<\/a>.<br \/>\nVisit the <a>project website<\/a> for more information.<\/div>\n<p><!--:--><!--:fr--><\/p>\n<div class=\"de-section\"><strong>DocExplore en action<\/strong><center><br \/>\n<iframe loading=\"lazy\" src=\"\/\/player.vimeo.com\/video\/62353489\" width=\"500\" height=\"281\" frameborder=\"0\" allowfullscreen=\"allowfullscreen\"><\/iframe><\/center>DocExplore vous permet de g\u00e9n\u00e9rer des pr\u00e9sentations faciles \u00e0 mettre en ligne, <a href=\"http:\/\/www.docexplore.eu\/readerv3\/\">comme celle-ci<\/a> (n\u00e9cessite un navigateur r\u00e9cent).<\/p>\n<\/div>\n<div class=\"de-section\">\n<p><strong>Qu&#8217;est-ce que DocExplore?<\/strong><\/p>\n<p>DocExplore est une suite logicielle gratuite, open-source et multi-plateforme permettant de cr\u00e9er des livres num\u00e9riques interactifs.<\/p>\n<p>Facile \u00e0 utiliser:<\/p>\n<ol>\n<li>Importez les pages de votre livre<\/li>\n<li>Ajoutez du texte, des images, du son et de la vid\u00e9o \u00e0 des zones de vos pages<\/li>\n<li>Exportez vers le bureau ou vers le web<\/li>\n<\/ol>\n<p>C&#8217;est tout!<\/p>\n<\/div>\n<div class=\"de-section\"><strong>Mise en route<\/strong><\/div>\n<div class=\"de-section\"><a href=\"?page_id=337\">T\u00e9l\u00e9chargez la derni\u00e8re version de DocExplore<\/a> et installez-la sur votre ordinateur.<br \/>\nConsultez nos <a href=\"?page_id=14\">vid\u00e9os de d\u00e9monstration<\/a> et vous serez \u00e0 l&#8217;oeuvre en un rien de temps.<\/div>\n<div class=\"de-section\"><strong>Un peu d&#8217;histoire<\/strong><\/div>\n<div class=\"de-section\">DocExplore est le r\u00e9sultat d&#8217;un projet acad\u00e9mique du m\u00eame nom, initi\u00e9 en 2009 par les laboratoires en informatique <a href=\"http:\/\/www.litislab.eu\/\">LITIS<\/a> (Universit\u00e9 de Rouen, France) et <a href=\"http:\/\/www.eda.kent.ac.uk\/\">EDA<\/a> (University du Kent, Royaume-Uni), financ\u00e9 par le <a href=\"http:\/\/www.interreg4a-manche.eu\/\">programme Interreg IVa<\/a>. Pour aider \u00e0 la conception et \u00e0 l&#8217;\u00e9valuation de cet outil, nous avons re\u00e7u la participation d&#8217;historiens et d&#8217;archivistes, notamment: le <a href=\"http:\/\/grhis.univ-rouen.fr\/grhis\/\">GRHIS<\/a> (Universit\u00e9 de Rouen), les <a href=\"http:\/\/rnbi.rouen.fr\">Biblioth\u00e8ques municipales de Rouen<\/a>, <a href=\"http:\/\/www.kent.ac.uk\/mems\/\">CMEMS<\/a> (Universit\u00e9 du Kent) et les archives de la <a href=\"http:\/\/www.canterbury-cathedral.org\/\">Cath\u00e9drale de Canterbury<\/a>.<br \/>\nVisitez le <a> pour plus d&#8217;informations. <\/a><\/div>\n<p><!--:--><\/p>\n","protected":false},"excerpt":{"rendered":"<p>DocExplore in action DocExplore can generate presentations that you can easily put on the web, like this one (modern browser required). What is DocExplore? DocExplore is a free, open-source, cross-platform software suite enabling anyone to create rich interactive digital books. &hellip; <a href=\"https:\/\/www.docexplore.eu\/\">Continue reading <span class=\"meta-nav\">&rarr;<\/span><\/a><\/p>\n","protected":false},"author":1,"featured_media":0,"parent":0,"menu_order":-1,"comment_status":"closed","ping_status":"closed","template":"","meta":{"footnotes":""},"class_list":["post-20","page","type-page","status-publish","hentry"],"_links":{"self":[{"href":"https:\/\/www.docexplore.eu\/index.php?rest_route=\/wp\/v2\/pages\/20","targetHints":{"allow":["GET"]}}],"collection":[{"href":"https:\/\/www.docexplore.eu\/index.php?rest_route=\/wp\/v2\/pages"}],"about":[{"href":"https:\/\/www.docexplore.eu\/index.php?rest_route=\/wp\/v2\/types\/page"}],"author":[{"embeddable":true,"href":"https:\/\/www.docexplore.eu\/index.php?rest_route=\/wp\/v2\/users\/1"}],"replies":[{"embeddable":true,"href":"https:\/\/www.docexplore.eu\/index.php?rest_route=%2Fwp%2Fv2%2Fcomments&post=20"}],"version-history":[{"count":45,"href":"https:\/\/www.docexplore.eu\/index.php?rest_route=\/wp\/v2\/pages\/20\/revisions"}],"predecessor-version":[{"id":417,"href":"https:\/\/www.docexplore.eu\/index.php?rest_route=\/wp\/v2\/pages\/20\/revisions\/417"}],"wp:attachment":[{"href":"https:\/\/www.docexplore.eu\/index.php?rest_route=%2Fwp%2Fv2%2Fmedia&parent=20"}],"curies":[{"name":"wp","href":"https:\/\/api.w.org\/{rel}","templated":true}]}}