{"id":16,"date":"2014-02-05T12:54:43","date_gmt":"2014-02-05T12:54:43","guid":{"rendered":"http:\/\/www.docexplore.eu\/?page_id=16"},"modified":"2019-02-09T02:36:18","modified_gmt":"2019-02-09T02:36:18","slug":"source","status":"publish","type":"page","link":"https:\/\/www.docexplore.eu\/?page_id=16","title":{"rendered":"<!--:en-->Source<!--:--><!--:fr-->Source<!--:-->"},"content":{"rendered":"<p><!--:en--><\/p>\n<div class=\"de-section\"><img decoding=\"async\" style=\"vertical-align: middle;\" src=\"wp-content\/uploads\/2019\/02\/gitlab.png\"><strong>Repository<\/strong><br \/>\nOur source code is <a href=\"https:\/\/git.litislab.fr\/aburnett\/docexplore\">hosted on the LITIS gitlab<\/a> where you are invited to contribute to our project. Have a great idea for a new feature or would like to squash a bug? Please share your work with the rest of the community!<\/div>\n<p>&nbsp;<\/p>\n<div class=\"de-section\"><strong>Issue tracker<\/strong>&nbsp;<\/p>\n<p>Even if you&#8217;re not a programmer, you can still help by reporting bugs on our <a href=\"https:\/\/git.litislab.fr\/aburnett\/docexplore\/issues\">issue tracker<\/a>. Remember, this is not for asking help or expressing frustration! For that, <a href=\"\/?page_id=18\">use the forums<\/a> instead.<\/p>\n<\/div>\n<p><!--:--><!--:fr--><\/p>\n<div class=\"de-section\"><img decoding=\"async\" style=\"vertical-align: middle;\" src=\"wp-content\/uploads\/2019\/02\/gitlab.png\"><strong>D\u00e9p\u00f4t<\/strong><br \/>\nNotre code source est <a href=\"https:\/\/git.litislab.fr\/aburnett\/docexplore\">h\u00e9berg\u00e9 sur le gitlab LITIS<\/a> o\u00f9 vous \u00eates invit\u00e9s \u00e0 contribuer \u00e0 notre projet. Vous avez une id\u00e9e de nouvelle fonctionnalit\u00e9 ou vous souhaitez corriger un bug? Partagez votre travail avec le reste de la communaut\u00e9!<\/div>\n<p>&nbsp;<\/p>\n<div class=\"de-section\"><strong>Issue tracker<\/strong>&nbsp;<\/p>\n<p>M\u00eame si vous n&#8217;\u00eates pas un programmeur, vous pouvez quand m\u00eame nous aider en signalant un bug sur notre <a href=\"https:\/\/git.litislab.fr\/aburnett\/docexplore\/issues\">issue tracker<\/a>. Attention, cet outil ne sert pas \u00e0 demander de l&#8217;aide ou \u00e0 partager sa frustration! Pour cela, <a href=\"\/?page_id=18\">utilisez les forums<\/a>.<\/p>\n<\/div>\n<p><!--:--><\/p>\n","protected":false},"excerpt":{"rendered":"<p>Repository Our source code is hosted on the LITIS gitlab where you are invited to contribute to our project. Have a great idea for a new feature or would like to squash a bug? Please share your work with the &hellip; <a href=\"https:\/\/www.docexplore.eu\/?page_id=16\">Continue reading <span class=\"meta-nav\">&rarr;<\/span><\/a><\/p>\n","protected":false},"author":1,"featured_media":0,"parent":0,"menu_order":3,"comment_status":"closed","ping_status":"closed","template":"","meta":{"footnotes":""},"class_list":["post-16","page","type-page","status-publish","hentry"],"_links":{"self":[{"href":"https:\/\/www.docexplore.eu\/index.php?rest_route=\/wp\/v2\/pages\/16","targetHints":{"allow":["GET"]}}],"collection":[{"href":"https:\/\/www.docexplore.eu\/index.php?rest_route=\/wp\/v2\/pages"}],"about":[{"href":"https:\/\/www.docexplore.eu\/index.php?rest_route=\/wp\/v2\/types\/page"}],"author":[{"embeddable":true,"href":"https:\/\/www.docexplore.eu\/index.php?rest_route=\/wp\/v2\/users\/1"}],"replies":[{"embeddable":true,"href":"https:\/\/www.docexplore.eu\/index.php?rest_route=%2Fwp%2Fv2%2Fcomments&post=16"}],"version-history":[{"count":12,"href":"https:\/\/www.docexplore.eu\/index.php?rest_route=\/wp\/v2\/pages\/16\/revisions"}],"predecessor-version":[{"id":402,"href":"https:\/\/www.docexplore.eu\/index.php?rest_route=\/wp\/v2\/pages\/16\/revisions\/402"}],"wp:attachment":[{"href":"https:\/\/www.docexplore.eu\/index.php?rest_route=%2Fwp%2Fv2%2Fmedia&parent=16"}],"curies":[{"name":"wp","href":"https:\/\/api.w.org\/{rel}","templated":true}]}}